{"id":661671,"date":"2026-03-16T09:17:23","date_gmt":"2026-03-16T08:17:23","guid":{"rendered":"https:\/\/crunchyco.si\/product\/ananas-original\/"},"modified":"2026-03-16T09:17:23","modified_gmt":"2026-03-16T08:17:23","slug":"ananas-original","status":"publish","type":"product","link":"https:\/\/crunchyco.si\/de\/produkt\/ananas-original\/","title":{"rendered":"Ananas original"},"content":{"rendered":"<header class=\"applekrisp__header\">\n<header class=\"applekrisp__header\">\n<header class=\"applekrisp__header\">\n<header class=\"applekrisp__header\">\n<header class=\"applekrisp__header\">\n<header class=\"applekrisp__header\">\n<header class=\"applekrisp__header\">\n<header class=\"applekrisp__header\">\n<p class=\"applekrisp__lead\">Ananas ist ein knuspriger Fruchtsnack aus Ananas in seiner urspr\u00fcnglichen Form. Betont die nat\u00fcrliche Fruchts\u00fc\u00dfe und Frische und bietet einen reinen und einfachen Geschmack ohne Zus\u00e4tze.<\/p>\n<\/header>\n<\/header>\n<\/header>\n<\/header>\n<\/header>\n<\/header>\n<\/header>\n<\/header>\n","protected":false},"excerpt":{"rendered":"<p>Ananas ist ein knuspriger Fruchtsnack aus Ananas in seiner urspr\u00fcnglichen Form. Betont die nat\u00fcrliche Fruchts\u00fc\u00dfe und Frische und bietet einen reinen und einfachen Geschmack ohne Zus\u00e4tze.<\/p>\n","protected":false},"featured_media":659784,"template":"","meta":[],"product_brand":[],"product_cat":[73],"product_tag":[],"class_list":{"0":"post-661671","1":"product","2":"type-product","3":"status-publish","4":"has-post-thumbnail","6":"product_cat-schuttgut","8":"first","9":"instock","10":"shipping-taxable","11":"product-type-simple"},"_links":{"self":[{"href":"https:\/\/crunchyco.si\/de\/wp-json\/wp\/v2\/product\/661671","targetHints":{"allow":["GET"]}}],"collection":[{"href":"https:\/\/crunchyco.si\/de\/wp-json\/wp\/v2\/product"}],"about":[{"href":"https:\/\/crunchyco.si\/de\/wp-json\/wp\/v2\/types\/product"}],"wp:featuredmedia":[{"embeddable":true,"href":"https:\/\/crunchyco.si\/de\/wp-json\/wp\/v2\/media\/659784"}],"wp:attachment":[{"href":"https:\/\/crunchyco.si\/de\/wp-json\/wp\/v2\/media?parent=661671"}],"wp:term":[{"taxonomy":"product_brand","embeddable":true,"href":"https:\/\/crunchyco.si\/de\/wp-json\/wp\/v2\/product_brand?post=661671"},{"taxonomy":"product_cat","embeddable":true,"href":"https:\/\/crunchyco.si\/de\/wp-json\/wp\/v2\/product_cat?post=661671"},{"taxonomy":"product_tag","embeddable":true,"href":"https:\/\/crunchyco.si\/de\/wp-json\/wp\/v2\/product_tag?post=661671"}],"curies":[{"name":"wp","href":"https:\/\/api.w.org\/{rel}","templated":true}]}}