{"id":661620,"date":"2026-03-16T09:17:20","date_gmt":"2026-03-16T08:17:20","guid":{"rendered":"https:\/\/crunchyco.si\/product\/apfelringe-original\/"},"modified":"2026-03-16T09:17:20","modified_gmt":"2026-03-16T08:17:20","slug":"apfelringe-original","status":"publish","type":"product","link":"https:\/\/crunchyco.si\/de\/produkt\/apfelringe-original\/","title":{"rendered":"Apfelringe original"},"content":{"rendered":"<header class=\"applekrisp__header\">\n<header class=\"applekrisp__header\">\n<header class=\"applekrisp__header\">\n<header class=\"applekrisp__header\">\n<header class=\"applekrisp__header\">\n<header class=\"applekrisp__header\">\n<header class=\"applekrisp__header\">\n<p class=\"applekrisp__lead\">Apfelringe sind ein knuspriger Fruchtsnack aus \u00c4pfeln in ihrer urspr\u00fcnglichen Form. Sie betonen den reinen Fruchtgeschmack und bieten ein einfaches und nat\u00fcrliches Erlebnis ohne zus\u00e4tzliche Aromen.<\/p>\n<\/header>\n<\/header>\n<\/header>\n<\/header>\n<\/header>\n<\/header>\n<\/header>\n","protected":false},"excerpt":{"rendered":"<p>Apfelringe sind ein knuspriger Fruchtsnack aus \u00c4pfeln in ihrer urspr\u00fcnglichen Form. Sie betonen den reinen Fruchtgeschmack und bieten ein einfaches und nat\u00fcrliches Erlebnis ohne zus\u00e4tzliche Aromen.<\/p>\n","protected":false},"featured_media":659791,"template":"","meta":[],"product_brand":[],"product_cat":[73],"product_tag":[],"class_list":{"0":"post-661620","1":"product","2":"type-product","3":"status-publish","4":"has-post-thumbnail","6":"product_cat-schuttgut","8":"first","9":"outofstock","10":"shipping-taxable","11":"product-type-simple"},"_links":{"self":[{"href":"https:\/\/crunchyco.si\/de\/wp-json\/wp\/v2\/product\/661620","targetHints":{"allow":["GET"]}}],"collection":[{"href":"https:\/\/crunchyco.si\/de\/wp-json\/wp\/v2\/product"}],"about":[{"href":"https:\/\/crunchyco.si\/de\/wp-json\/wp\/v2\/types\/product"}],"wp:featuredmedia":[{"embeddable":true,"href":"https:\/\/crunchyco.si\/de\/wp-json\/wp\/v2\/media\/659791"}],"wp:attachment":[{"href":"https:\/\/crunchyco.si\/de\/wp-json\/wp\/v2\/media?parent=661620"}],"wp:term":[{"taxonomy":"product_brand","embeddable":true,"href":"https:\/\/crunchyco.si\/de\/wp-json\/wp\/v2\/product_brand?post=661620"},{"taxonomy":"product_cat","embeddable":true,"href":"https:\/\/crunchyco.si\/de\/wp-json\/wp\/v2\/product_cat?post=661620"},{"taxonomy":"product_tag","embeddable":true,"href":"https:\/\/crunchyco.si\/de\/wp-json\/wp\/v2\/product_tag?post=661620"}],"curies":[{"name":"wp","href":"https:\/\/api.w.org\/{rel}","templated":true}]}}